{"id":5395,"date":"2025-02-24T21:14:51","date_gmt":"2025-02-24T20:14:51","guid":{"rendered":"https:\/\/www.synthetic737.at\/index.php\/?page_id=5395"},"modified":"2025-02-25T04:11:57","modified_gmt":"2025-02-25T03:11:57","slug":"lukas-weberberger","status":"publish","type":"page","link":"https:\/\/www.synthetic737.at\/index.php\/lukas-weberberger","title":{"rendered":"Lukas Weberberger"},"content":{"rendered":"<p>Instructor<\/p>\n<hr>\n<p><img loading=\"lazy\" decoding=\"async\" class=\" size-medium wp-image-1970 alignleft\" src=\"..\/wp-content\/uploads\/2025\/02\/Lukas.jpg\" alt=\"Lukas\" width=\"288\" height=\"300\"><\/p>\n<p>Mein Name ist Luki Weberberger, 15 Jahre alt und bin seit 2024 als Instructor bei Synthetic 737 besch\u00e4ftigt.<br \/>\nAls 10 j\u00e4hriger durfte ich erstmalig bei Synthetic 737 einen Flug absolvieren.<\/p>\n<p>Damals dachte ich mir, ich sei noch zu jung f\u00fcr die Fliegerei. Da aber mein erster Flug nach Innsbruck (einer der anspruchsvollsten Flugh\u00e4fen in Europa) f\u00fchrte, und dieser sehr gut verlief, wollte ich danach gleich wieder im Boeing 737 Simulator fliegen.<br \/>\nDas einzige Problem war, dass ich damals noch einen Polster f\u00fcr den Pilotensitz ben\u00f6tigte, um \u00fcberhaupt aus dem Fenster sehen zu k\u00f6nnen \ud83d\ude0a<\/p>\n<p>Nach einigen Stunden im Simulator und viel Training bekam ich die M\u00f6glichkeit, als Instructor t\u00e4tig zu werden.<br \/>\nPilot zu werden, ist mein gr\u00f6\u00dfter Traum!<\/p>\n<p>Nun habe ich die M\u00f6glichkeit!<\/p>\n<p>Die Flugvorbereitung, der Start und die Landung bis hin zum Abstellen der Triebwerke macht mir extrem viel Spa\u00df!<br \/>\nMir gef\u00e4llt der Kontakt zu neuen Kunden und deren unterschiedlichen Charakteren und somit kein Flug wie der Andere ist.<br \/>\nIch freue mich auf euch!<\/p>\n<p>&nbsp;<\/p>\n","protected":false},"excerpt":{"rendered":"<p>Instructor Mein Name ist Luki Weberberger, 15 Jahre alt und bin seit 2024 als Instructor bei Synthetic 737 besch\u00e4ftigt. Als 10 j\u00e4hriger durfte ich erstmalig bei Synthetic 737 einen Flug absolvieren. Damals dachte ich mir, ich sei noch zu jung f\u00fcr die Fliegerei. Da aber mein erster Flug nach Innsbruck (einer der anspruchsvollsten Flugh\u00e4fen in Europa) f\u00fchrte, und dieser sehr&nbsp;<a href=\"https:\/\/www.synthetic737.at\/index.php\/lukas-weberberger\" class=\"read-more\">Weiter lesen<\/a><\/p>\n","protected":false},"author":1,"featured_media":5391,"parent":0,"menu_order":0,"comment_status":"closed","ping_status":"closed","template":"","meta":{"_acf_changed":false,"ngg_post_thumbnail":0,"footnotes":""},"class_list":["post-5395","page","type-page","status-publish","has-post-thumbnail","hentry"],"acf":[],"_links":{"self":[{"href":"https:\/\/www.synthetic737.at\/index.php\/wp-json\/wp\/v2\/pages\/5395","targetHints":{"allow":["GET"]}}],"collection":[{"href":"https:\/\/www.synthetic737.at\/index.php\/wp-json\/wp\/v2\/pages"}],"about":[{"href":"https:\/\/www.synthetic737.at\/index.php\/wp-json\/wp\/v2\/types\/page"}],"author":[{"embeddable":true,"href":"https:\/\/www.synthetic737.at\/index.php\/wp-json\/wp\/v2\/users\/1"}],"replies":[{"embeddable":true,"href":"https:\/\/www.synthetic737.at\/index.php\/wp-json\/wp\/v2\/comments?post=5395"}],"version-history":[{"count":5,"href":"https:\/\/www.synthetic737.at\/index.php\/wp-json\/wp\/v2\/pages\/5395\/revisions"}],"predecessor-version":[{"id":5402,"href":"https:\/\/www.synthetic737.at\/index.php\/wp-json\/wp\/v2\/pages\/5395\/revisions\/5402"}],"wp:featuredmedia":[{"embeddable":true,"href":"https:\/\/www.synthetic737.at\/index.php\/wp-json\/wp\/v2\/media\/5391"}],"wp:attachment":[{"href":"https:\/\/www.synthetic737.at\/index.php\/wp-json\/wp\/v2\/media?parent=5395"}],"curies":[{"name":"wp","href":"https:\/\/api.w.org\/{rel}","templated":true}]}}