{"id":5299,"date":"2023-07-03T15:14:58","date_gmt":"2023-07-03T13:14:58","guid":{"rendered":"https:\/\/www.synthetic737.at\/index.php\/?page_id=5299"},"modified":"2025-02-22T13:08:37","modified_gmt":"2025-02-22T12:08:37","slug":"jakob-stiglmayr","status":"publish","type":"page","link":"https:\/\/www.synthetic737.at\/index.php\/jakob-stiglmayr","title":{"rendered":"Jakob Stiglmayr"},"content":{"rendered":"<p>Instructor<\/p>\n<hr>\n<p><img loading=\"lazy\" decoding=\"async\" class=\" size-medium wp-image-1970 alignleft\" src=\"..\/wp-content\/uploads\/2023\/07\/jakob-199x300.jpg\" alt=\"Jakob\" width=\"288\" height=\"300\"><\/p>\n<p>Mein Name ist Jakob Stiglmayr, bin 23 Jahre alt und fungiere als Instruktor bei Synthetic 737. <\/p>\n<p>Mit 13 Jahren bin ich per Zufall durch meinen Bruder zur Fliegerei gekommen, als ich zuhause den alten FSX-Flugsimulator von Microsoft ausgegraben habe. <\/p>\n<p>So schnell wie mein Bruder den Flugsimulator wieder leben einhauchte, so schnell entfachte auch meine Leidenschaft und Interesse an der Luftfahrt. <\/p>\n<p>Damals habe ich mich in die Boeing 737-800 vernarrt und seit mittlerweile 8 Jahren besch\u00e4ftige ich mich mit diesem Flugzeugtyp tagt\u00e4glich und lerne immer wieder etwas Neues dazu. <\/p>\n<p>Als Instruktor freue ich mich immer wieder dar\u00fcber, wenn ich unseren Kunden das Flugzeug und die damit verbundene Arbeit im Cockpit n\u00e4herbringen darf und wir gemeinsam spa\u00dfige und spannende Situationen erleben. <\/p>\n<p>Ich freue mich immer wieder darauf, wenn es hei\u00dft: <strong> READY FOR TAKEOFF? <\/strong><\/p>\n","protected":false},"excerpt":{"rendered":"<p>Instructor Mein Name ist Jakob Stiglmayr, bin 23 Jahre alt und fungiere als Instruktor bei Synthetic 737. Mit 13 Jahren bin ich per Zufall durch meinen Bruder zur Fliegerei gekommen, als ich zuhause den alten FSX-Flugsimulator von Microsoft ausgegraben habe. So schnell wie mein Bruder den Flugsimulator wieder leben einhauchte, so schnell entfachte auch meine Leidenschaft und Interesse an der&nbsp;<a href=\"https:\/\/www.synthetic737.at\/index.php\/jakob-stiglmayr\" class=\"read-more\">Weiter lesen<\/a><\/p>\n","protected":false},"author":1,"featured_media":0,"parent":0,"menu_order":0,"comment_status":"closed","ping_status":"closed","template":"","meta":{"_acf_changed":false,"ngg_post_thumbnail":0,"footnotes":""},"class_list":["post-5299","page","type-page","status-publish","hentry"],"acf":[],"_links":{"self":[{"href":"https:\/\/www.synthetic737.at\/index.php\/wp-json\/wp\/v2\/pages\/5299","targetHints":{"allow":["GET"]}}],"collection":[{"href":"https:\/\/www.synthetic737.at\/index.php\/wp-json\/wp\/v2\/pages"}],"about":[{"href":"https:\/\/www.synthetic737.at\/index.php\/wp-json\/wp\/v2\/types\/page"}],"author":[{"embeddable":true,"href":"https:\/\/www.synthetic737.at\/index.php\/wp-json\/wp\/v2\/users\/1"}],"replies":[{"embeddable":true,"href":"https:\/\/www.synthetic737.at\/index.php\/wp-json\/wp\/v2\/comments?post=5299"}],"version-history":[{"count":3,"href":"https:\/\/www.synthetic737.at\/index.php\/wp-json\/wp\/v2\/pages\/5299\/revisions"}],"predecessor-version":[{"id":5389,"href":"https:\/\/www.synthetic737.at\/index.php\/wp-json\/wp\/v2\/pages\/5299\/revisions\/5389"}],"wp:attachment":[{"href":"https:\/\/www.synthetic737.at\/index.php\/wp-json\/wp\/v2\/media?parent=5299"}],"curies":[{"name":"wp","href":"https:\/\/api.w.org\/{rel}","templated":true}]}}