{"id":4185,"date":"2017-06-24T10:07:28","date_gmt":"2017-06-24T08:07:28","guid":{"rendered":"https:\/\/www.synthetic737.at\/index.php\/?page_id=4185"},"modified":"2024-02-27T20:19:49","modified_gmt":"2024-02-27T19:19:49","slug":"screening","status":"publish","type":"page","link":"https:\/\/www.synthetic737.at\/index.php\/screening","title":{"rendered":"Screening \/ Assessment"},"content":{"rendered":"<h2 style=\"text-align: center;\">PROFESSIONELLES TRAINING IM BOEING 737-800 NG FLIGHTSIMULATOR<\/h2>\n<p style=\"text-align: center;\">Kosteng\u00fcnstiges Training\/Assessment in unserem Cockpit hat sich bereits vielfach bew\u00e4hrt...<\/p>\n<p style=\"text-align: center;\">Viele unserer Freunde und Anw\u00e4rter geniessen bereits jetzt den Job als Pilot in renomierten Unternehmen wie z.B. RYANAIR,AEROLOGIC, CARGOLUX, AIR ATLANTA ICELANDIC,<br \/>\nSUN EXPRESS, AIR DUBAI usw...<\/p>\n<p style=\"text-align: center;\">Bereiten Sie sich alleine mit einem unserer Instruktoren oder zu zweit auf eine Karriere im Cockpit vor!<\/p>\n<p style=\"text-align: center;\">Hierf\u00fcr stehen f\u00fcr Sie die meisten Systeme des realen Cockpits zur Verf\u00fcgung:<\/p>\n<p style=\"text-align: center;\">&nbsp;<\/p>\n<ul>\n<li style=\"text-align: left;\">Checklist (auf Papier und Digital)<\/li>\n<li style=\"text-align: left;\">Procedures (auf Papier oder Tablet by Jeppesen)<\/li>\n<li style=\"text-align: left;\">SID,STAR,TRANSITION,ILS,RNAV,VIS,CIRCLING,VOR,NDB,HOLDING\/ENTRY...<\/li>\n<li style=\"text-align: left;\">Intercom \/ ATC<\/li>\n<li style=\"text-align: left;\">MCC (Multicrew) Professionelle Instruktoren auf Anfrage<\/li>\n<\/ul>\n<p>&nbsp;<\/p>\n<p style=\"text-align: center;\"><strong>Weiters stehen Ihnen folgende M\u00f6glichkeiten zur Verf\u00fcgung:<\/strong><\/p>\n<ul>\n<li style=\"text-align: left;\">Live oder individual weather situation<\/li>\n<li style=\"text-align: left;\">Live Traffic<\/li>\n<li style=\"text-align: left;\">Aufzeichnung Ihrer Fl\u00fcge mit visueller Auswertung<\/li>\n<li style=\"text-align: left;\">Ausf\u00e4lle und St\u00f6rf\u00e4lle jeglicher Art<\/li>\n<li style=\"text-align: left;\">Electric<\/li>\n<li style=\"text-align: left;\">Pneumatic<\/li>\n<li style=\"text-align: left;\">Hydraulic<\/li>\n<li style=\"text-align: left;\">Heating<\/li>\n<li style=\"text-align: left;\">Fuel<\/li>\n<li style=\"text-align: left;\">Engine<\/li>\n<li style=\"text-align: left;\">Navigation<\/li>\n<li style=\"text-align: left;\">uvm.<\/li>\n<\/ul>\n<p style=\"text-align: center;\">F\u00fcr weitere Informationen stehen wir gerne zu Ihrer Verf\u00fcgung!<\/p>\n<p style=\"text-align: center;\">&nbsp;<\/p>\n<p><a href=\"..\/infos\" rel=\"nofollow\"><\/p>\n<div class=\"crossfade-cols-2\">\n<img decoding=\"async\" class=\"bottom\" src=\"..\/..\/..\/Bilder\/Buttons\/InfoMaus.png\" ><br \/>\n<img decoding=\"async\" class=\"top\" src=\"..\/..\/..\/Bilder\/Buttons\/Info.png\">\n<\/div>\n<p><\/a><\/p>\n<p><a href=\"..\/last-minute\" rel=\"nofollow\"><\/p>\n<div class=\"crossfade-cols-2\">\n<img decoding=\"async\" class=\"bottom\" src=\"..\/..\/..\/Bilder\/Buttons\/LastMinuteMaus.png\" ><br \/>\n<img decoding=\"async\" class=\"top\" src=\"..\/..\/..\/Bilder\/Buttons\/LastMinute.png\">\n<\/div>\n<p><\/a><\/p>\n<p><a href=\"..\/tickets-2\" rel=\"nofollow\"><\/p>\n<div class=\"crossfade-cols-2\">\n<img decoding=\"async\" class=\"bottom\" src=\"..\/..\/..\/Bilder\/Buttons\/TicketsMaus.png\"><br \/>\n<img decoding=\"async\" class=\"top\" src=\"..\/..\/..\/Bilder\/Buttons\/Tickets.png\">\n<\/div>\n<p><\/a><\/p>\n<p><a href=\"..\/screening\" rel=\"nofollow\"><\/p>\n<div class=\"crossfade-cols-2\">\n<img decoding=\"async\" class=\"bottom\" src=\"..\/..\/..\/Bilder\/Buttons\/AssessmentMaus.png\"><br \/>\n<img decoding=\"async\" class=\"top\" src=\"..\/..\/..\/Bilder\/Buttons\/Assessment.png\">\n<\/div>\n<p><\/a><\/p>\n<p><a href=\"\" rel=\"nofollow\"><\/p>\n<div class=\"crossfade-cols-2\">\n<img decoding=\"async\" class=\"bottom\" src=\"..\/..\/..\/Bilder\/Buttons\/FlugbetriebMaus.png\"><br \/>\n<img decoding=\"async\" class=\"top\" src=\"..\/..\/..\/Bilder\/Buttons\/Flugbetrieb.png\">\n<\/div>\n<p><\/a><\/p>\n<p><a href=\"..\/virtual-reality\" rel=\"nofollow\"><\/p>\n<div class=\"crossfade-cols-2\">\n<img decoding=\"async\" class=\"bottom\" src=\"..\/..\/..\/Bilder\/Buttons\/VRMaus.png\"><br \/>\n<img decoding=\"async\" class=\"top\" src=\"..\/..\/..\/Bilder\/Buttons\/VR.png\">\n<\/div>\n<p><\/a><\/p>\n","protected":false},"excerpt":{"rendered":"<p>PROFESSIONELLES TRAINING IM BOEING 737-800 NG FLIGHTSIMULATOR Kosteng\u00fcnstiges Training\/Assessment in unserem Cockpit hat sich bereits vielfach bew\u00e4hrt... Viele unserer Freunde und Anw\u00e4rter geniessen bereits jetzt den Job als Pilot in renomierten Unternehmen wie z.B. RYANAIR,AEROLOGIC, CARGOLUX, AIR ATLANTA ICELANDIC, SUN EXPRESS, AIR DUBAI usw... Bereiten Sie sich alleine mit einem unserer Instruktoren oder zu zweit auf eine Karriere im Cockpit&nbsp;<a href=\"https:\/\/www.synthetic737.at\/index.php\/screening\" class=\"read-more\">Weiter lesen<\/a><\/p>\n","protected":false},"author":1,"featured_media":0,"parent":0,"menu_order":0,"comment_status":"closed","ping_status":"closed","template":"","meta":{"_acf_changed":false,"ngg_post_thumbnail":0,"footnotes":""},"class_list":["post-4185","page","type-page","status-publish","hentry"],"acf":[],"_links":{"self":[{"href":"https:\/\/www.synthetic737.at\/index.php\/wp-json\/wp\/v2\/pages\/4185","targetHints":{"allow":["GET"]}}],"collection":[{"href":"https:\/\/www.synthetic737.at\/index.php\/wp-json\/wp\/v2\/pages"}],"about":[{"href":"https:\/\/www.synthetic737.at\/index.php\/wp-json\/wp\/v2\/types\/page"}],"author":[{"embeddable":true,"href":"https:\/\/www.synthetic737.at\/index.php\/wp-json\/wp\/v2\/users\/1"}],"replies":[{"embeddable":true,"href":"https:\/\/www.synthetic737.at\/index.php\/wp-json\/wp\/v2\/comments?post=4185"}],"version-history":[{"count":49,"href":"https:\/\/www.synthetic737.at\/index.php\/wp-json\/wp\/v2\/pages\/4185\/revisions"}],"predecessor-version":[{"id":5345,"href":"https:\/\/www.synthetic737.at\/index.php\/wp-json\/wp\/v2\/pages\/4185\/revisions\/5345"}],"wp:attachment":[{"href":"https:\/\/www.synthetic737.at\/index.php\/wp-json\/wp\/v2\/media?parent=4185"}],"curies":[{"name":"wp","href":"https:\/\/api.w.org\/{rel}","templated":true}]}}