{"id":4026,"date":"2017-06-03T04:36:56","date_gmt":"2017-06-03T02:36:56","guid":{"rendered":"http:\/\/www.synthetic737.at\/index.php\/?page_id=4026"},"modified":"2017-06-14T07:39:23","modified_gmt":"2017-06-14T05:39:23","slug":"events","status":"publish","type":"page","link":"https:\/\/www.synthetic737.at\/index.php\/events","title":{"rendered":"Events"},"content":{"rendered":"\n\t\t\t\t<div class=\"event-list\">\n\t\t\t\t<style type=\"text\/css\">\n\t\t\t\t\t.filterbar { display:table; width:100% }\n\t\t\t\t\t.filterbar > div { display:table-cell }\n\t\t\t\t<\/style>\n\t\t\t\t<!--[if lte IE 7]>\n\t\t\t\t<style>.filterbar > div { float:left }<\/style>\n\t\t\t\t<![endif]-->\n\t\t\t\t<div class=\"filterbar subsubsub\">\n\t\t\t\t\t<div style=\"text-align:left\"><ul class=\"hlist\"><li><strong>Alle<\/strong><\/li><li><a href=\"https:\/\/www.synthetic737.at\/index.php\/events?date1=upcoming\">Anstehend<\/a><\/li><li><a href=\"https:\/\/www.synthetic737.at\/index.php\/events?date1=2022\">2022<\/a><\/li><\/ul>\n\t\t\t\t\t<\/div><\/div>\n\t\t\t\t<ul class=\"event-list-view\">\n\t\t\t \t<li class=\"event \">\n\t\t\t\t\t<div class=\"event-date multi-date\"><div class=\"startdate\"><div class=\"event-weekday\">So.<\/div><div class=\"event-day\">07<\/div><div class=\"event-month\">Aug.<\/div><div class=\"event-year\">2022<\/div><\/div><div class=\"enddate\"><div class=\"event-weekday\">So.<\/div><div class=\"event-day\">21<\/div><div class=\"event-month\">Aug.<\/div><div class=\"event-year\">2022<\/div><\/div><\/div>\n\t\t\t\t\t<div class=\"event-info multi-day\"><div class=\"event-title\"><h3><a href=\"https:\/\/www.synthetic737.at\/index.php\/events?event_id1=5145\">Neugestaltung Website<\/a><\/h3><\/div><span class=\"event-location\">Alkoven<\/span><div class=\"event-content\"><p>Bedingt durch ein neues Ticket- und Preissystem beginnt nun die Umgestaltung unserer Webseite.<br \/>\nDies sollte in den n\u00e4chsten 14 Tagen \u00fcber die B\u00fchne gehen.<br \/>\nUnsere Website ist in diesem Zeitraum nat\u00fcrlich uneingeschr\u00e4nkt nutzbar!<\/p>\n<p>Viel Spa\u00df beim Durchsuchen w\u00fcnscht euch Marko Aigelsperger!<\/p>\n<\/div><\/div>\n\t\t\t\t<\/li><\/ul>\n\t\t\t\t<\/div>\n","protected":false},"excerpt":{"rendered":"","protected":false},"author":1,"featured_media":0,"parent":0,"menu_order":0,"comment_status":"closed","ping_status":"closed","template":"page-home_old.php","meta":{"_acf_changed":false,"ngg_post_thumbnail":0,"footnotes":""},"class_list":["post-4026","page","type-page","status-publish","hentry"],"acf":[],"_links":{"self":[{"href":"https:\/\/www.synthetic737.at\/index.php\/wp-json\/wp\/v2\/pages\/4026","targetHints":{"allow":["GET"]}}],"collection":[{"href":"https:\/\/www.synthetic737.at\/index.php\/wp-json\/wp\/v2\/pages"}],"about":[{"href":"https:\/\/www.synthetic737.at\/index.php\/wp-json\/wp\/v2\/types\/page"}],"author":[{"embeddable":true,"href":"https:\/\/www.synthetic737.at\/index.php\/wp-json\/wp\/v2\/users\/1"}],"replies":[{"embeddable":true,"href":"https:\/\/www.synthetic737.at\/index.php\/wp-json\/wp\/v2\/comments?post=4026"}],"version-history":[{"count":4,"href":"https:\/\/www.synthetic737.at\/index.php\/wp-json\/wp\/v2\/pages\/4026\/revisions"}],"predecessor-version":[{"id":4117,"href":"https:\/\/www.synthetic737.at\/index.php\/wp-json\/wp\/v2\/pages\/4026\/revisions\/4117"}],"wp:attachment":[{"href":"https:\/\/www.synthetic737.at\/index.php\/wp-json\/wp\/v2\/media?parent=4026"}],"curies":[{"name":"wp","href":"https:\/\/api.w.org\/{rel}","templated":true}]}}