{"id":3528,"date":"2015-12-11T15:18:29","date_gmt":"2015-12-11T14:18:29","guid":{"rendered":"http:\/\/www.synthetic737.at\/index.php\/?page_id=3528"},"modified":"2022-08-17T20:31:48","modified_gmt":"2022-08-17T18:31:48","slug":"buchen-ohne-reservierung","status":"publish","type":"page","link":"https:\/\/www.synthetic737.at\/index.php\/buchen-ohne-reservierung","title":{"rendered":"Buchen ohne Termin"},"content":{"rendered":"<p style=\"text-align: center;\">Wenn du ein Flugticket erwerben m\u00f6chtest, ohne einen Termin f\u00fcr einen Flug festzulegen, kontaktiere uns bitte einfach per Telefon oder Email, damit wir die weitere Vorgangsweise besprechen k\u00f6nnen.<\/p>\n<p style=\"text-align: center;\">Alternativ kannst du uns dies \u00fcber das <a href=\"https:\/\/www.synthetic737.at\/index.php\/contacts\">Kontaktformular<\/a> mitteilen oder \u00fcber unser Reservierungssystem buchen:<\/p>\n<p style=\"text-align: center;\">Einfach irgendein Datum w\u00e4hlen und unter Anmerkungen `TERMIN L\u00d6SCHEN` eingeben.<\/p>\n<p style=\"text-align: center;\">+43 699 180 27 811<\/p>\n<p style=\"text-align: center;\"><a href=\"mailto:sim@synthetic737.at\" rel=\"nofollow\">sim@synthetic737.at<\/a><\/p>\n<p style=\"text-align: center;\">IBAN:&nbsp; AT45 4480 0309 5353 0001<\/p>\n<p style=\"text-align: center;\">BIC: VBWEAT2WXXX<\/p>\n<p>&nbsp;<\/p>\n","protected":false},"excerpt":{"rendered":"<p>Wenn du ein Flugticket erwerben m\u00f6chtest, ohne einen Termin f\u00fcr einen Flug festzulegen, kontaktiere uns bitte einfach per Telefon oder Email, damit wir die weitere Vorgangsweise besprechen k\u00f6nnen. Alternativ kannst du uns dies \u00fcber das Kontaktformular mitteilen oder \u00fcber unser Reservierungssystem buchen: Einfach irgendein Datum w\u00e4hlen und unter Anmerkungen `TERMIN L\u00d6SCHEN` eingeben. +43 699 180 27 811 sim@synthetic737.at IBAN:&nbsp; AT45&nbsp;<a href=\"https:\/\/www.synthetic737.at\/index.php\/buchen-ohne-reservierung\" class=\"read-more\">Weiter lesen<\/a><\/p>\n","protected":false},"author":1,"featured_media":0,"parent":0,"menu_order":0,"comment_status":"closed","ping_status":"closed","template":"","meta":{"_acf_changed":false,"ngg_post_thumbnail":0,"footnotes":""},"class_list":["post-3528","page","type-page","status-publish","hentry"],"acf":[],"_links":{"self":[{"href":"https:\/\/www.synthetic737.at\/index.php\/wp-json\/wp\/v2\/pages\/3528","targetHints":{"allow":["GET"]}}],"collection":[{"href":"https:\/\/www.synthetic737.at\/index.php\/wp-json\/wp\/v2\/pages"}],"about":[{"href":"https:\/\/www.synthetic737.at\/index.php\/wp-json\/wp\/v2\/types\/page"}],"author":[{"embeddable":true,"href":"https:\/\/www.synthetic737.at\/index.php\/wp-json\/wp\/v2\/users\/1"}],"replies":[{"embeddable":true,"href":"https:\/\/www.synthetic737.at\/index.php\/wp-json\/wp\/v2\/comments?post=3528"}],"version-history":[{"count":12,"href":"https:\/\/www.synthetic737.at\/index.php\/wp-json\/wp\/v2\/pages\/3528\/revisions"}],"predecessor-version":[{"id":5206,"href":"https:\/\/www.synthetic737.at\/index.php\/wp-json\/wp\/v2\/pages\/3528\/revisions\/5206"}],"wp:attachment":[{"href":"https:\/\/www.synthetic737.at\/index.php\/wp-json\/wp\/v2\/media?parent=3528"}],"curies":[{"name":"wp","href":"https:\/\/api.w.org\/{rel}","templated":true}]}}