{"id":3527,"date":"2015-12-11T15:18:38","date_gmt":"2015-12-11T14:18:38","guid":{"rendered":"http:\/\/www.synthetic737.at\/index.php\/?page_id=3527"},"modified":"2025-07-26T23:00:30","modified_gmt":"2025-07-26T21:00:30","slug":"buchen-mit-reservierung","status":"publish","type":"page","link":"https:\/\/www.synthetic737.at\/index.php\/buchen-mit-reservierung","title":{"rendered":"Buchen mit Termin"},"content":{"rendered":"<p>Aus technischen Gr\u00fcnden ist unser Buchungssystem derzeit nicht verf\u00fcgbar. F\u00fcr Terminvereinbarungen bitten wir dich, uns via Email oder telefonisch zu kontaktieren.<\/p>\n","protected":false},"excerpt":{"rendered":"<p>Aus technischen Gr\u00fcnden ist unser Buchungssystem derzeit nicht verf\u00fcgbar. F\u00fcr Terminvereinbarungen bitten wir dich, uns via Email oder telefonisch zu kontaktieren.<\/p>\n","protected":false},"author":1,"featured_media":0,"parent":0,"menu_order":0,"comment_status":"closed","ping_status":"closed","template":"","meta":{"_acf_changed":false,"ngg_post_thumbnail":0,"footnotes":""},"class_list":["post-3527","page","type-page","status-publish","hentry"],"acf":[],"_links":{"self":[{"href":"https:\/\/www.synthetic737.at\/index.php\/wp-json\/wp\/v2\/pages\/3527","targetHints":{"allow":["GET"]}}],"collection":[{"href":"https:\/\/www.synthetic737.at\/index.php\/wp-json\/wp\/v2\/pages"}],"about":[{"href":"https:\/\/www.synthetic737.at\/index.php\/wp-json\/wp\/v2\/types\/page"}],"author":[{"embeddable":true,"href":"https:\/\/www.synthetic737.at\/index.php\/wp-json\/wp\/v2\/users\/1"}],"replies":[{"embeddable":true,"href":"https:\/\/www.synthetic737.at\/index.php\/wp-json\/wp\/v2\/comments?post=3527"}],"version-history":[{"count":29,"href":"https:\/\/www.synthetic737.at\/index.php\/wp-json\/wp\/v2\/pages\/3527\/revisions"}],"predecessor-version":[{"id":5411,"href":"https:\/\/www.synthetic737.at\/index.php\/wp-json\/wp\/v2\/pages\/3527\/revisions\/5411"}],"wp:attachment":[{"href":"https:\/\/www.synthetic737.at\/index.php\/wp-json\/wp\/v2\/media?parent=3527"}],"curies":[{"name":"wp","href":"https:\/\/api.w.org\/{rel}","templated":true}]}}