{"id":2464,"date":"2014-12-27T12:14:11","date_gmt":"2014-12-27T11:14:11","guid":{"rendered":"http:\/\/www.synthetic737.at\/index2.php\/?page_id=2464"},"modified":"2021-07-23T09:36:59","modified_gmt":"2021-07-23T07:36:59","slug":"sigi-pruscha","status":"publish","type":"page","link":"https:\/\/www.synthetic737.at\/index.php\/sigi-pruscha","title":{"rendered":"Sigi Pruscha"},"content":{"rendered":"<p>ATC<\/p>\n<hr \/>\n<p><a href=\"http:\/\/www.synthetic737.at\/index.php\/about\/crew\/attachment\/portrait-sigi-pruscha\" rel=\"attachment wp-att-2940 \"><img loading=\"lazy\" decoding=\"async\" class=\" wp-image-2940 alignleft\" src=\"http:\/\/www.synthetic737.at\/wp-content\/uploads\/2014\/12\/Portrait-Sigi-Pruscha.jpg\" alt=\"Portrait Sigi Pruscha\" width=\"349\" height=\"460\" srcset=\"https:\/\/www.synthetic737.at\/wp-content\/uploads\/2014\/12\/Portrait-Sigi-Pruscha.jpg 542w, https:\/\/www.synthetic737.at\/wp-content\/uploads\/2014\/12\/Portrait-Sigi-Pruscha-227x300.jpg 227w\" sizes=\"auto, (max-width: 349px) 100vw, 349px\" \/><\/a><\/p>\n<p>Hallo, mein Name ist Siegfried Pruscha!<\/p>\n<p>Seit 1990 besitze ich eine Privatpilotenlizenz, welche derzeit ruht. Seit 1991 darf ich in meinem Fliegerclub BUSSARD am Blue Danube Flughafen H\u00f6rsching die Funkausbildung\u00a0 der angehenden Privatpiloten leiten und habe in diesem Umfeld den Chef der SYNTHETIC737, Marko Aigelsperger, kennengelernt und ihn vor Jahren auf die Pr\u00fcfung f\u00fcr das Allgemeine Flugfunkzeugnis (AFZ) vorbereitet.<\/p>\n<p>Das Sch\u00f6ne und Interessante an SYNTHETIC737 ist das Angebot, sich der Fliegerei mit kommerziellen Gro\u00dfflugzeugen nach eigenen W\u00fcnschen zu n\u00e4hern. Immer von einem Instructor begleitet, gelingen Starts und Anfl\u00fcge und w\u00e4hrend des Reisefluges mit dem Autopiloten bleibt dem Anf\u00e4nger genug Zeit f\u00fcr eine Einweisung ins Cockpit der 737. Als Passagier auf einem Ihrer Urlaubsfl\u00fcge werden ihnen dann bestimmte Situationen bereits vertraut vorkommen.<\/p>\n<p>Der Sicherung der Fl\u00fcge durch Air Traffic Control (ATC) wird durch die Verwendung einer entsprechenden Funkphraseologie Rechnung getragen und so ganz nebenbei erfahren Sie durch SYNTHETIC737 auch wichtige Daten \u00fcber die Sicherung solcher Fl\u00fcge. Ich w\u00fcnsche Ihnen viel Spa\u00df und auch Erkenntnisse mit dem Simulator und dem<br \/>\nSYNTHETIC737-Team.<\/p>\n","protected":false},"excerpt":{"rendered":"<p>ATC Hallo, mein Name ist Siegfried Pruscha! Seit 1990 besitze ich eine Privatpilotenlizenz, welche derzeit ruht. Seit 1991 darf ich in meinem Fliegerclub BUSSARD am Blue Danube Flughafen H\u00f6rsching die Funkausbildung\u00a0 der angehenden Privatpiloten leiten und habe in diesem Umfeld den Chef der SYNTHETIC737, Marko Aigelsperger, kennengelernt und ihn vor Jahren auf die Pr\u00fcfung f\u00fcr das Allgemeine Flugfunkzeugnis (AFZ) vorbereitet.&nbsp;<a href=\"https:\/\/www.synthetic737.at\/index.php\/sigi-pruscha\" class=\"read-more\">Weiter lesen<\/a><\/p>\n","protected":false},"author":1,"featured_media":0,"parent":0,"menu_order":0,"comment_status":"open","ping_status":"open","template":"page-fullwidth.php","meta":{"_acf_changed":false,"ngg_post_thumbnail":0,"footnotes":""},"class_list":["post-2464","page","type-page","status-publish","hentry"],"acf":[],"_links":{"self":[{"href":"https:\/\/www.synthetic737.at\/index.php\/wp-json\/wp\/v2\/pages\/2464","targetHints":{"allow":["GET"]}}],"collection":[{"href":"https:\/\/www.synthetic737.at\/index.php\/wp-json\/wp\/v2\/pages"}],"about":[{"href":"https:\/\/www.synthetic737.at\/index.php\/wp-json\/wp\/v2\/types\/page"}],"author":[{"embeddable":true,"href":"https:\/\/www.synthetic737.at\/index.php\/wp-json\/wp\/v2\/users\/1"}],"replies":[{"embeddable":true,"href":"https:\/\/www.synthetic737.at\/index.php\/wp-json\/wp\/v2\/comments?post=2464"}],"version-history":[{"count":6,"href":"https:\/\/www.synthetic737.at\/index.php\/wp-json\/wp\/v2\/pages\/2464\/revisions"}],"predecessor-version":[{"id":5078,"href":"https:\/\/www.synthetic737.at\/index.php\/wp-json\/wp\/v2\/pages\/2464\/revisions\/5078"}],"wp:attachment":[{"href":"https:\/\/www.synthetic737.at\/index.php\/wp-json\/wp\/v2\/media?parent=2464"}],"curies":[{"name":"wp","href":"https:\/\/api.w.org\/{rel}","templated":true}]}}