{"id":2328,"date":"2014-12-26T11:30:23","date_gmt":"2014-12-26T10:30:23","guid":{"rendered":"http:\/\/www.adev.at\/lhe\/?page_id=2328"},"modified":"2023-11-13T09:50:16","modified_gmt":"2023-11-13T08:50:16","slug":"marko-aigelsperger","status":"publish","type":"page","link":"https:\/\/www.synthetic737.at\/index.php\/marko-aigelsperger","title":{"rendered":"Marko Aigelsperger"},"content":{"rendered":"<p>Inhaber, Air traffic controller<\/p>\n<hr>\n<p><a href=\"https:\/\/www.synthetic737.at\/wp-content\/uploads\/2021\/09\/marko1.jpg\"><img loading=\"lazy\" decoding=\"async\" class=\" size-medium wp-image-1970 alignleft\" src=\"..\/wp-content\/uploads\/2021\/09\/marko1.jpg\" alt=\"Eric\" width=\"288\" height=\"300\"><\/a><br \/>\nMein Name ist Marko Aigelsperger und ich bin der Inhaber der Firma Synthetic737 in Alkoven.<br \/>\nIch bin Vater von 2 Kindern. Hauptberuflich bin ich Angestellter bei einer international t\u00e4tigen Business Solution Firma.<\/p>\n<p>Ich besch\u00e4ftige mich seit mehr als 20 Jahren mit Flugsimulatoren und bin seit ca. 14 Jahren im Besitz einer Privatpilotenlizenz.<br \/>\nWenn es die Zeit zul\u00e4sst, fliege ich mit einem einmotorigen Flugzeug vom Flughafen Linz-H\u00f6rsching aus quer durch \u00d6sterreich.<\/p>\n<p>Durch diese Ausbildung konnte ich mir u.a. viel Wissen f\u00fcr unseren Boeing 737 Flugsimulator aneignen.<br \/>\nZus\u00e4tzlich genoss ich eine Funkerausbildung f\u00fcr den Flugschein, den ich bei uns im Cockpit sehr gut anwenden kann.<\/p>\n<p>Nach einigen tausend Arbeitsstunden im Flugsimulator bin ich nun sehr stolz, euch mein Wissen und vor allem den Spa\u00dffaktor in unserem Cockpit<br \/>\nweitergeben zu k\u00f6nnen!<\/p>\n<p>Ich darf dich nun einladen, mit mir und meiner Crew in die Welt der Fliegerei einzutauchen...<\/p>\n","protected":false},"excerpt":{"rendered":"<p>Inhaber, Air traffic controller Mein Name ist Marko Aigelsperger und ich bin der Inhaber der Firma Synthetic737 in Alkoven. Ich bin Vater von 2 Kindern. Hauptberuflich bin ich Angestellter bei einer international t\u00e4tigen Business Solution Firma. Ich besch\u00e4ftige mich seit mehr als 20 Jahren mit Flugsimulatoren und bin seit ca. 14 Jahren im Besitz einer Privatpilotenlizenz. Wenn es die Zeit&nbsp;<a href=\"https:\/\/www.synthetic737.at\/index.php\/marko-aigelsperger\" class=\"read-more\">Weiter lesen<\/a><\/p>\n","protected":false},"author":1,"featured_media":0,"parent":0,"menu_order":0,"comment_status":"open","ping_status":"open","template":"page-fullwidth.php","meta":{"_acf_changed":false,"ngg_post_thumbnail":0,"footnotes":""},"class_list":["post-2328","page","type-page","status-publish","hentry"],"acf":[],"_links":{"self":[{"href":"https:\/\/www.synthetic737.at\/index.php\/wp-json\/wp\/v2\/pages\/2328","targetHints":{"allow":["GET"]}}],"collection":[{"href":"https:\/\/www.synthetic737.at\/index.php\/wp-json\/wp\/v2\/pages"}],"about":[{"href":"https:\/\/www.synthetic737.at\/index.php\/wp-json\/wp\/v2\/types\/page"}],"author":[{"embeddable":true,"href":"https:\/\/www.synthetic737.at\/index.php\/wp-json\/wp\/v2\/users\/1"}],"replies":[{"embeddable":true,"href":"https:\/\/www.synthetic737.at\/index.php\/wp-json\/wp\/v2\/comments?post=2328"}],"version-history":[{"count":14,"href":"https:\/\/www.synthetic737.at\/index.php\/wp-json\/wp\/v2\/pages\/2328\/revisions"}],"predecessor-version":[{"id":5310,"href":"https:\/\/www.synthetic737.at\/index.php\/wp-json\/wp\/v2\/pages\/2328\/revisions\/5310"}],"wp:attachment":[{"href":"https:\/\/www.synthetic737.at\/index.php\/wp-json\/wp\/v2\/media?parent=2328"}],"curies":[{"name":"wp","href":"https:\/\/api.w.org\/{rel}","templated":true}]}}