{"id":2295,"date":"2014-12-26T10:21:01","date_gmt":"2014-12-26T08:21:01","guid":{"rendered":"http:\/\/www.adev.at\/lhe\/?page_id=2295"},"modified":"2022-12-02T13:50:57","modified_gmt":"2022-12-02T12:50:57","slug":"agbs","status":"publish","type":"page","link":"https:\/\/www.synthetic737.at\/index.php\/privacy-policy\/agbs","title":{"rendered":"AGB&#8217;s"},"content":{"rendered":"<h2><strong>Allgemeine Gesch\u00e4ftsbedingungen<\/strong><\/h2>\n<h3><strong>SYNTHETIC737 Flightsimulation Austria<\/strong><\/h3>\n<h3><strong>Edelwei\u00dfstra\u00dfe 23<\/strong><\/h3>\n<h3><strong>4072 Alkoven<\/strong><\/h3>\n<h3><strong>Inhaber: Marko Aigelsperger<\/strong><\/h3>\n<h3><strong>UID-Nummer ATU72818668<\/strong><\/h3>\n<\/p>\n<h3 style=\"text-align: justify;\"><strong>1. Geltungsbereich<\/strong><\/h3>\n<p style=\"text-align: justify;\">* Diese Allgemeinen Gesch\u00e4ftsbedingungen und die darin geregelten Bestimmungen f\u00fcr Verbraucher gelten \u2013 soweit nicht ausdr\u00fccklich etwas anderes vereinbart wurde \u2013 f\u00fcr Vertragsabschl\u00fcsse zwischen Verk\u00e4ufer und Kunden. Dies unabh\u00e4ngig davon, ob ein solcher Vertragsabschluss online \u00fcber unsere Website www.synthetic737.at, telefonisch oder pers\u00f6nlich an unserem Firmenstandort geschlossen wird.<br \/>\nMit der Abgabe seiner Vertragserkl\u00e4rung akzeptiert der Kunde diese AGB.\tVertragsabschl\u00fcsse sind nur zu diesen Bedingungen m\u00f6glich. Abweichenden Gesch\u00e4ftsbedingungen m\u00fcssen wir ausdr\u00fccklich zustimmen, damit diese \tVertragsbestandteil werden. Es gilt die bei  Abgabe der Vertragserkl\u00e4rung durch den Kunden geltende und durch uns ver\u00f6ffentlichte Fassung der AGB.\n<\/p>\n<h3 style=\"text-align: justify;\"><strong>2. Vertragsabschluss<\/strong><\/h3>\n<p style=\"text-align: justify;\">* Die Pr\u00e4sentation unserer Produkte auf unserer Website stellt kein rechtlich bindendes Angebot dar. Das Angebot erfolgt jeweils ausschlie\u00dflich durch den Kunden und wird durch eine Bestellung auf unserer Homepage, per E-mail, schriftlich, oder durch eine m\u00fcndliche Bestellung, f\u00fcr ihn verbindlich. Der Kunde muss mindestens 18 Jahre und voll gesch\u00e4ftsf\u00e4hig sein.<\/p>\n<h3 style=\"text-align: justify;\"><strong>3. Preise<\/strong><\/h3>\n<p style=\"text-align: justify;\">* Die auf der Website angef\u00fchrten Preise sind Endverbraucherpreise inklusive Mehrwertsteuer. Wir behalten uns das Recht vor, die Preise der von uns angebotenen Leistungen jederzeit anzupassen. Erfolgte m\u00fcndliche Preisvereinbarungen oder andere Absprachen erfordern jedenfalls die schriftliche Zustimmung durch den Inhaber von Synthetic737.\n<\/p>\n<h3 style=\"text-align: justify;\"><strong>4. Zahlungsbedingungen<\/strong><\/h3>\n<p style=\"text-align: justify;\">* Die Bezahlung des Kaufpreises ist mittels der folgenden Zahlungsmethoden m\u00f6glich: Rechnung (Zahlungsfrist 14 Tage), Barzahlung bei Abholung, PayPal. Sofern nichts anderes schriftlich vereinbart wurde, sind unsere Forderungen vollst\u00e4ndig und ohne Abzug zu begleichen.\tEine Buchung des Flugsimulators kann jedenfalls erst nach vollst\u00e4ndiger Bezahlung der bestellten Leistung erfolgen.<\/p>\n<h3 style=\"text-align: justify;\"><strong>5. Geschenkgutscheine<\/strong><\/h3>\n<p style=\"text-align: justify;\">* K\u00f6nnen erst nach vollst\u00e4ndiger Bezahlung erstellt werden. Der Versand erfolgt in diesem Fall nach Zahlungseingang.<\/p>\n<h3 style=\"text-align: justify;\"><strong>6. G\u00fcltigkeitsdauer<\/strong><\/h3>\n<p style=\"text-align: justify;\">* Um den vollen Umfang ihrer gebuchten Leistung in Anspruch nehmen zu k\u00f6nnen, haben unsere Angebote eine zeitlich begrenzte G\u00fcltigkeit. Diese finden Sie auf Ihrem \tFlugticket. Diese Zeitspanne ergibt sich aus den beim Ticketerwerb g\u00fcltigen Angeboten und Leistungen, die sich innerhalb dieses Zeitraumes \u00e4ndern k\u00f6nnten. Bereits bezahlte Tickets k\u00f6nnen nicht in bar abgel\u00f6st werden.<\/p>\n<h3 style=\"text-align: justify;\"><strong>7. Leistung<\/strong><\/h3>\n<p style=\"text-align: justify;\">* Wir behalten uns das Recht vor, Anpassungen der gebuchten Leistungen vorzunehmen, um gewissen W\u00fcnschen des Kunden zu entsprechen, sofern dies nicht ma\u00dfgeblich vom Leistungsumfang des gebuchten Tickets abweicht. Dies kann aber nur als Entgegenkommen der Firma Synthetic737 betrachtet werden \u2013 es besteht darauf kein Rechtsanspruch. Von Synthetic737 in jeglicher Form erstellte Flugtickets (aus Papier, aber auch E-Mail Versand) sind kein Bestandteil des Vertrages und dienen ausschlie\u00dflich der visuellen Aufwertung der erworbenen Leistungen.<\/p>\n<h3 style=\"text-align: justify;\"><strong>8. Auslieferung<\/strong><\/h3>\n<p style=\"text-align: justify;\">* Die Auslieferung (Postaufgabe durch uns)  erfolgt, sobald dies von unserer Seite aus m\u00f6glich ist, bei Geschenkgutscheinen jedenfalls nach M\u00f6glichkeit vor dem angegebenen Termin, sofern die Bestellung rechtzeitig bei uns eingetroffen ist. Die Wahl des Transporteurs erfolgt durch uns.<br \/>\nDie Lieferung erfolgt an die vom Kunden angegebene Lieferanschrift. Etwaige Mehrkosten die durch die Angabe einer unrichtigen Lieferanschrift durch den Kunden verursacht werden, sind von diesem zu tragen.\n<\/p>\n<h3 style=\"text-align: justify;\"><strong>9. R\u00fccktritt<br \/>\n<\/strong><\/h3>\n<p style=\"text-align: justify;\">* Ist der Kunde Verbraucher im Sinne des KSchG, kann er von diesem innerhalb einer Frist von 14 Tagen ab dem Tag des Vertragsabschlusses ohne Angabe von Gr\u00fcnden zur\u00fccktreten.<br \/>\nF\u00fcr den R\u00fccktritt muss uns der Kunde mit einer eindeutigen Erkl\u00e4rung \u00fcber seinen Entschluss, diesen Vertrag zu widerrufen, informieren. Der R\u00fccktritt ist jedoch an keine bestimmte Form gebunden. Bitte beachten Sie aber, dass uns der Widerruf zugehen muss, um wirksam zu sein.<br \/>\nWenn der Verbraucher den Vertrag widerruft, haben wir diesem alle Zahlungen, die wir von ihm erhalten haben, unverz\u00fcglich und sp\u00e4testens binnen 14 Tagen ab dem\tTag zur\u00fcckzuzahlen, an dem die Mitteilung \u00fcber den Widerruf dieses Vertrags bei uns eingegangen ist.<br \/>\nDa uns durch die Erstellung und Auslieferung der bestellten Tickets sowohl ein Arbeitsaufwand, als auch Material- und Versandkosten entstanden sind, behalten wir uns das Recht vor, im Falle eines R\u00fccktritts vom Vertrag nach Auslieferung der bestellten Tickets, eine Bearbeitungsgeb\u00fchr von \u20ac 20,-- einzubehalten.<\/p>\n<h3 style=\"text-align: justify;\"><strong>10. Terminverschiebung<br \/>\n<\/strong><\/h3>\n<p style=\"text-align: justify;\">* Ist es Ihnen nicht m\u00f6glich, einen bereits gebuchten Termin einzuhalten, k\u00f6nnen sie diesen bis zu 5 Tage davor pers\u00f6nlich, per E-mail oder telefonisch kostenlos stornieren. Bei einer sp\u00e4teren Stornierung wird eine Geb\u00fchr von \u20ac 20,-- f\u00e4llig.<br \/>\nBei Nichterscheinen zum vereinbarten Termin verf\u00e4llt das Ticket und der volle Ticketpreis wird einbehalten.<br \/>\nKann der vereinbarte Termin durch ein von au\u00dfen kommendes, auch durch die \u00e4u\u00dferste vern\u00fcnftigerweise zu erwartende Sorgfalt nicht abwendbares Ereignis, das weder der betrieblichen Sph\u00e4re des Flugsimulatoranbieters noch der pers\u00f6nlichen Sph\u00e4re des Kunden zuzuordnen ist, nicht eingehalten werden, ist es beiden Vertragspartnern m\u00f6glich, den Termin auf unbestimmte Zeit zu verschieben.\n<\/p>\n<h3 style=\"text-align: justify;\"><strong>11. Betriebsst\u00f6rungen \/ Ausf\u00e4lle<br \/>\n<\/strong><\/h3>\n<p style=\"text-align: justify;\">* Unsere Betriebsausstattung wird laufend gewartet und auf dem aktuellen Stand der Technik gehalten.<br \/>\nDennoch kann es jederzeit zu unvorhersehbaren Ausf\u00e4llen vor oder w\u00e4hrend eines Fluges kommen. Sollte dies zu schwerwiegenden Beeintr\u00e4chtigungen f\u00fchren, die die Durchf\u00fchrung eines gebuchten Fluges unm\u00f6glich machen, werden wir uns bem\u00fchen den Fehler unverz\u00fcglich zu beheben. Sollte dies nicht m\u00f6glich sein, wird ein kostenloser Ersatztermin f\u00fcr Sie reserviert. Leider k\u00f6nnen wir in diesem Fall keine Kosten f\u00fcr eine erneute Anreise und dergleichen \u00fcbernehmen.\n<\/p>\n<h3 style=\"text-align: justify;\"><strong>12. Witterung<br \/>\n<\/strong><\/h3>\n<p style=\"text-align: justify;\">* Um Sch\u00e4den an unserer Elektronik zu vermeiden, behalten wir uns das Recht vor, Fl\u00fcge w\u00e4hrend schwerer Gewitter abzubrechen bzw. diese schon im Vorfeld abzusagen. Selbstverst\u00e4ndlich bieten wir Ihnen in solchen F\u00e4llen einen Ersatztermin an.\n<\/p>\n<h3 style=\"text-align: justify;\"><strong>13. Datenschutz<br \/>\n<\/strong><\/h3>\n<p style=\"text-align: justify;\">* Die uns vom Kunden im Rahmen der Gesch\u00e4ftsbeziehung bekannt gegebenen pers\u00f6nlichen Daten wie z.B. Name, Adresse, E-Mail, Telefonnummer sowie Lieferanschrift werden von uns gespeichert und verarbeitet. Wir benutzen die Daten im Rahmen der gesetzlichen Erm\u00e4chtigung um die Bestellung auszuf\u00fchren.<br \/>\nMit Zustimmung zur datenschutzrechtlichen Erkl\u00e4rung, stimmt der Kunde ausdr\u00fccklich zu, dass die von ihm im Zuge des Vertragsabschlusses bekannt gegebenen personenbezogenen Daten  auch zu eigenen Marketingzwecken und somit insbesondere f\u00fcr Zusendungen zu Werbezwecken per SMS und E-Mail gem\u00e4\u00df \u00a7 107 TKG gespeichert und verarbeitet werden. Eine Weitergabe personenbezogener Daten an Dritte findet nicht statt.\n<\/p>\n<h3 style=\"text-align: justify;\"><strong>14. Wirksamkeit der AGB<br \/>\n<\/strong><\/h3>\n<p style=\"text-align: justify;\">* Sollten einzelne Regelungen dieser AGB ganz oder teilweise unwirksam sein, so ber\u00fchrt dies die G\u00fcltigkeit der \u00fcbrigen Regelungen und der unter ihrer Zugrundelegung geschlossenen Vertr\u00e4ge nicht.<\/p>\n<p>Stand der AGB Dez.2022<\/p>\n<p>&nbsp;<\/p>\n","protected":false},"excerpt":{"rendered":"<p>Allgemeine Gesch\u00e4ftsbedingungen SYNTHETIC737 Flightsimulation Austria Edelwei\u00dfstra\u00dfe 23 4072 Alkoven Inhaber: Marko Aigelsperger UID-Nummer ATU72818668 1. Geltungsbereich * Diese Allgemeinen Gesch\u00e4ftsbedingungen und die darin geregelten Bestimmungen f\u00fcr Verbraucher gelten \u2013 soweit nicht ausdr\u00fccklich etwas anderes vereinbart wurde \u2013 f\u00fcr Vertragsabschl\u00fcsse zwischen Verk\u00e4ufer und Kunden. Dies unabh\u00e4ngig davon, ob ein solcher Vertragsabschluss online \u00fcber unsere Website www.synthetic737.at, telefonisch oder pers\u00f6nlich an unserem&nbsp;<a href=\"https:\/\/www.synthetic737.at\/index.php\/privacy-policy\/agbs\" class=\"read-more\">Weiter lesen<\/a><\/p>\n","protected":false},"author":1,"featured_media":0,"parent":169,"menu_order":0,"comment_status":"open","ping_status":"open","template":"","meta":{"_acf_changed":false,"ngg_post_thumbnail":0,"footnotes":""},"class_list":["post-2295","page","type-page","status-publish","hentry"],"acf":[],"_links":{"self":[{"href":"https:\/\/www.synthetic737.at\/index.php\/wp-json\/wp\/v2\/pages\/2295","targetHints":{"allow":["GET"]}}],"collection":[{"href":"https:\/\/www.synthetic737.at\/index.php\/wp-json\/wp\/v2\/pages"}],"about":[{"href":"https:\/\/www.synthetic737.at\/index.php\/wp-json\/wp\/v2\/types\/page"}],"author":[{"embeddable":true,"href":"https:\/\/www.synthetic737.at\/index.php\/wp-json\/wp\/v2\/users\/1"}],"replies":[{"embeddable":true,"href":"https:\/\/www.synthetic737.at\/index.php\/wp-json\/wp\/v2\/comments?post=2295"}],"version-history":[{"count":50,"href":"https:\/\/www.synthetic737.at\/index.php\/wp-json\/wp\/v2\/pages\/2295\/revisions"}],"predecessor-version":[{"id":5279,"href":"https:\/\/www.synthetic737.at\/index.php\/wp-json\/wp\/v2\/pages\/2295\/revisions\/5279"}],"up":[{"embeddable":true,"href":"https:\/\/www.synthetic737.at\/index.php\/wp-json\/wp\/v2\/pages\/169"}],"wp:attachment":[{"href":"https:\/\/www.synthetic737.at\/index.php\/wp-json\/wp\/v2\/media?parent=2295"}],"curies":[{"name":"wp","href":"https:\/\/api.w.org\/{rel}","templated":true}]}}