{"id":2259,"date":"2014-12-25T22:00:03","date_gmt":"2014-12-25T20:00:03","guid":{"rendered":"http:\/\/www.adev.at\/lhe\/?page_id=2259"},"modified":"2022-08-07T11:39:42","modified_gmt":"2022-08-07T09:39:42","slug":"anfahrt","status":"publish","type":"page","link":"https:\/\/www.synthetic737.at\/index.php\/about\/anfahrt","title":{"rendered":"Anfahrt"},"content":{"rendered":"<div class=\"row \">\n<div class=\"span12 \"><div class=\"fullwidth-box style-2\"><div class=\"inner\">\n<h2>Adresse<\/h2>\n<p>Edelwei\u00dfstra\u00dfe 23<br \/>\n4072 Alkoven<br \/>\n\u00d6sterreich<\/p>\n<h2>Beschreibung<\/h2>\n<p style=\"text-align: justify;\">Die Anfahrt zu unserem Simulatorzentrum kann auf unterschiedlichen Wegen erfolgen. Es befindet sich zwischen Eferding und Linz (Ober\u00f6sterreich) auf privatem Gel\u00e4nde au\u00dferhalb des Ortskerns unweit vom Blue Danube International Airport Linz H\u00f6rsching (ca. 10 Minuten).<\/p>\n<p style=\"text-align: justify;\">Du erreichst uns von Wien oder Salzburg kommend \u00fcber die A1 Ausfahrt Traun vorbei am Flughafen, von Freistadt kommend \u00fcber die A7 Ausfahrt Hafenstrasse auf die B129. Von Graz kommend \u00fcber die A9, A8, A25 Ausfahrt Wels Nord, L531, L1220 und B129.<\/p>\n<p style=\"text-align: justify;\">Mit den \u00f6ffentlichen Verkehrsmitteln sind wir ebenfalls gut erreichbar - nur drei Gehminuten von der Linzer Lokalbahn (Haltestelle \"Alkoven Bahnhof\")! <a target=\"_blank\" href=\"http:\/\/fahrplan.oebb.at\/bin\/query.exe\/dn?L=vs_ooev\" rel=\"noopener nofollow\">Die Fahrpl\u00e4ne des Ober\u00f6sterreichischen Verkehrsverbundes (O\u00d6VV) findest du hier!<\/a><\/p>\n<h2>Karte<\/h2>\n<p><iframe loading=\"lazy\" src=\"https:\/\/maps.google.at\/maps?f=q&amp;source=s_q&amp;hl=de&amp;geocode=&amp;q=Edelwei%C3%9Fstra%C3%9Fe+23,+4072+Alkoven&amp;aq=&amp;sll=48.289904,14.118783&amp;sspn=0.008281,0.021136&amp;t=h&amp;ie=UTF8&amp;hq=&amp;hnear=Edelwei%C3%9Fstra%C3%9Fe+23,+4072+Alkoven,+Eferding,+Ober%C3%B6sterreich&amp;ll=48.289904,14.118783&amp;spn=0.008281,0.021136&amp;z=14&amp;output=embed\" width=\"100%\" height=\"500\" frameborder=\"0\" marginwidth=\"0\" marginheight=\"0\" scrolling=\"no\"><\/iframe><\/p>\n<h3>Wir w\u00fcrden uns freuen, dich bald in unserem Simulatorzentrum begr\u00fc\u00dfen zu d\u00fcrfen!<\/h3>\n<\/div><\/div><\/div>\n<\/div><!-- .row (end) -->\n","protected":false},"excerpt":{"rendered":"","protected":false},"author":1,"featured_media":0,"parent":1797,"menu_order":0,"comment_status":"open","ping_status":"open","template":"page-fullwidth.php","meta":{"_acf_changed":false,"ngg_post_thumbnail":0,"footnotes":""},"class_list":["post-2259","page","type-page","status-publish","hentry"],"acf":[],"_links":{"self":[{"href":"https:\/\/www.synthetic737.at\/index.php\/wp-json\/wp\/v2\/pages\/2259","targetHints":{"allow":["GET"]}}],"collection":[{"href":"https:\/\/www.synthetic737.at\/index.php\/wp-json\/wp\/v2\/pages"}],"about":[{"href":"https:\/\/www.synthetic737.at\/index.php\/wp-json\/wp\/v2\/types\/page"}],"author":[{"embeddable":true,"href":"https:\/\/www.synthetic737.at\/index.php\/wp-json\/wp\/v2\/users\/1"}],"replies":[{"embeddable":true,"href":"https:\/\/www.synthetic737.at\/index.php\/wp-json\/wp\/v2\/comments?post=2259"}],"version-history":[{"count":25,"href":"https:\/\/www.synthetic737.at\/index.php\/wp-json\/wp\/v2\/pages\/2259\/revisions"}],"predecessor-version":[{"id":5160,"href":"https:\/\/www.synthetic737.at\/index.php\/wp-json\/wp\/v2\/pages\/2259\/revisions\/5160"}],"up":[{"embeddable":true,"href":"https:\/\/www.synthetic737.at\/index.php\/wp-json\/wp\/v2\/pages\/1797"}],"wp:attachment":[{"href":"https:\/\/www.synthetic737.at\/index.php\/wp-json\/wp\/v2\/media?parent=2259"}],"curies":[{"name":"wp","href":"https:\/\/api.w.org\/{rel}","templated":true}]}}