{"id":2079,"date":"2014-12-16T00:17:15","date_gmt":"2014-12-15T22:17:15","guid":{"rendered":"http:\/\/www.adev.at\/lhe\/?page_id=2079"},"modified":"2022-08-14T17:38:19","modified_gmt":"2022-08-14T15:38:19","slug":"simulator","status":"publish","type":"page","link":"https:\/\/www.synthetic737.at\/index.php\/about\/simulator","title":{"rendered":"Unser Simulator"},"content":{"rendered":"<div class=\"fullwidth-box style-2 extra\"><div class=\"inner\"> <div class=\"row \">\n<h2>Du bist der Pilot!<\/h2>\n<div class=\"row \"> <div class=\"span12 \"><p style=\"text-align: justify;\">Bis auf einige hochwertige Cockpitinstrumente, wurde unser Boeing 737 Flugsimulator zur G\u00e4nze selbst geplant und erbaut. Angefangen von der Konstruktion des 3D Modells, \u00fcber das Zusammenf\u00fcgen der einzelnen Elemente des Cockpitshells aus Aluminium, unterscheidet sich unser Cockpit von jenen, die bereits fertig zum Kauf angeboten werden.<\/p>\n<p style=\"text-align: justify;\">Durch diese Idee war es uns m\u00f6glich, den Simulator von Grund auf zu begreifen und zu erlernen. Von der elektrischen Verkabelung bis hin zu mechanischen Eingabeger\u00e4ten wie z.B. Steuerh\u00f6rner, Schubregler, Beleuchtung, visuelles System, Software usw. wurden hochwertigste Materialien verwendet, um den Realismus eines echten Flugzeugcockpits samt Passagierbereich weitestgehend zu simulieren.<\/p>\n<p style=\"text-align: justify;\">Um den verschiedenen Anspr\u00fcchen unserer G\u00e4ste zu entsprechen, sorgen 8 leistungsstarke Computer f\u00fcr DAS Flugerlebnis! Realistische Sounds im und rund um das Cockpit erzeugen eine atemberaubende Atmosph\u00e4re. Eine implementierte Instructorstation erlaubt es uns, eine Vielzahl von Flugsituationen zu erstellen und zu \u00fcberwachen. Nach Wunsch k\u00f6nnen hier spezielle Bedingungen wie Wetter, Sprechfunkverkehr, Systemausf\u00e4lle, Verfahren, Tages- und Jahreszeit, Flugrouten und dgl. abgerufen werden.<\/p>\n<p style=\"text-align: justify;\">In Einklang mit der Realit\u00e4t ist es uns m\u00f6glich, unsere 737 nach dem Motto `as real as it gets` mit realem Wetter und Online Sprechfunkverkehr zu fliegen. Lautsprecher und Headsets im Cockpit verleihen dir eine angenehme und spektakul\u00e4re Ger\u00e4uschkulisse, die du nicht so schnell vergessen wirst. Ein Jumpseat erlaubt es, Freunden das Geschehen im Cockpit live mit zu verfolgen. 6 zus\u00e4tzliche Passagiersitze im Heck des Flugzeuges mit Sicht in das Cockpit und seitlichem Ausblick auf die Fl\u00fcgel l\u00e4sst auch Passagiere den Eindruck erwecken, sich in einem echten Flugzeug zu befinden. Monitore im Passagierbereich sorgen f\u00fcr Flight Entertainment der besonderen Art.<\/p>\n<p style=\"text-align: justify;\">Unser Angebot reicht von der Begr\u00fc\u00dfung unserer G\u00e4ste, der Flugvorbereitung mit Wetterbriefing, Routenplanung und Einweisung in das sehr komplexe Cockpit mit seinen Instrumenten und Schaltern, der Programmierung des Bordcomputers und Vorbereitung bis zum Triebwerksstart, das Rollen zur Startbahn, dem eigentlichen Flug bis hin zur Landung, Nachbesprechung. Nach dem Flug begr\u00fc\u00dfen wir dich gerne in unserer Pilot`s Lounge in gem\u00fctlicher Atmosph\u00e4re unter Freunden.<\/p>\n<p style=\"text-align: justify;\">Unser Ziel ist es, dir unvergessliche Stunden in unserem originalgetreuen Boeing 737-800NG Simulator zu bieten, um den Alltag und Stress am Boden durch einen Flug hoch \u00fcber den Wolken vergessen zu lassen.<\/p>\n<p style=\"text-align: justify;\">Ob kurzes Abenteuer abends w\u00e4hrend der Woche oder ausgedehnter Flug am Wochenende, bieten wir von Billigfl\u00fcgen bis All Inclusive mit Catering ein breitgestreutes Angebot deiner Wahl.<\/p>\n<p style=\"text-align: justify;\">Wir w\u00fcrden uns freuen, dich bei uns als Pilot einer der beliebtesten Airliner dieser Zeit begr\u00fc\u00dfen zu d\u00fcrfen, um die Faszination der Fliegerei mit uns zu teilen!<\/p>\n<h2 style=\"text-align: center;\">Interesse geweckt? Wir freuen uns auf dich!<\/h2><\/div> <\/div> <!-- .row (end) --> <\/div><!-- .row (end) --> <\/div><\/div>\n<div class=\"fullwidth-box style-1 extra\"><div class=\"inner\">\n<div class=\"row \">\n<div class=\"row \">\n<div class=\"span12 \"><p style=\"text-align: center;\"><img decoding=\"async\" src=\"..\/wp-content\/uploads\/2014\/12\/page2-img1-300x202.jpg\" alt=\"page2-img1\" width=\"33%\"><img decoding=\"async\" src=\"..\/wp-content\/uploads\/2014\/12\/page3-img2-300x254.jpg\" alt=\"page3-img2\" width=\"33%\"><img decoding=\"async\" src=\"..\/wp-content\/uploads\/2014\/12\/Synthetic737Plane-01-300x203.png\" alt=\"page3-img3\" width=\"33%\"><\/p><\/div> <\/div> <!-- .row (end) --> <\/div><!-- .row (end) --> <\/div><\/div>\n","protected":false},"excerpt":{"rendered":"","protected":false},"author":1,"featured_media":0,"parent":1797,"menu_order":1,"comment_status":"open","ping_status":"closed","template":"page-fullwidth.php","meta":{"_acf_changed":false,"ngg_post_thumbnail":0,"footnotes":""},"class_list":["post-2079","page","type-page","status-publish","hentry"],"acf":[],"_links":{"self":[{"href":"https:\/\/www.synthetic737.at\/index.php\/wp-json\/wp\/v2\/pages\/2079","targetHints":{"allow":["GET"]}}],"collection":[{"href":"https:\/\/www.synthetic737.at\/index.php\/wp-json\/wp\/v2\/pages"}],"about":[{"href":"https:\/\/www.synthetic737.at\/index.php\/wp-json\/wp\/v2\/types\/page"}],"author":[{"embeddable":true,"href":"https:\/\/www.synthetic737.at\/index.php\/wp-json\/wp\/v2\/users\/1"}],"replies":[{"embeddable":true,"href":"https:\/\/www.synthetic737.at\/index.php\/wp-json\/wp\/v2\/comments?post=2079"}],"version-history":[{"count":28,"href":"https:\/\/www.synthetic737.at\/index.php\/wp-json\/wp\/v2\/pages\/2079\/revisions"}],"predecessor-version":[{"id":5183,"href":"https:\/\/www.synthetic737.at\/index.php\/wp-json\/wp\/v2\/pages\/2079\/revisions\/5183"}],"up":[{"embeddable":true,"href":"https:\/\/www.synthetic737.at\/index.php\/wp-json\/wp\/v2\/pages\/1797"}],"wp:attachment":[{"href":"https:\/\/www.synthetic737.at\/index.php\/wp-json\/wp\/v2\/media?parent=2079"}],"curies":[{"name":"wp","href":"https:\/\/api.w.org\/{rel}","templated":true}]}}